{"id":31,"date":"2025-12-08T16:41:01","date_gmt":"2025-12-08T15:41:01","guid":{"rendered":"https:\/\/kulturstrudel.de\/?page_id=31"},"modified":"2026-01-27T11:24:08","modified_gmt":"2026-01-27T10:24:08","slug":"veranstaltungen","status":"publish","type":"page","link":"https:\/\/kulturstrudel.de\/?page_id=31","title":{"rendered":"Veranstaltungen"},"content":{"rendered":"<div id=\"content\" class=\"col-12 article-container\">\n<div id=\"czr_grid-6978913c0e957\" class=\"grid-container grid-container__classic tc-grid-shadow tc-grid-border tc-grid-hover-move\">\n<div class=\"grid__wrapper grid\">\n<section class=\"row grid__section cols-3 grid-section-not-featured\">\n<article id=\"post-138\" class=\"grid-item col-12 col-md-6 col-xl-4 col-lg-4 post-138 post type-post status-publish format-standard has-post-thumbnail category-allgemein czr-hentry\">\n<section class=\"grid__item\">\n<div class=\"tc-grid-figure entry-media__holder has-thumb czr__r-wGR js-centering\" data-img-centered-in-container=\"1\">\n<div class=\"entry-media__wrapper czr__r-i\">\n        <a class=\"bg-link\" href=\"https:\/\/kulturstrudel.de\/?p=138\"><\/a><br \/>\n        <img width=\"570\" height=\"350\" src=\"https:\/\/kulturstrudel.de\/wp-content\/uploads\/2026\/01\/SaveClip.App_613046281_17993712629874764_1191746409473719714_n-570x350.webp\" class=\"attachment-tc-grid tc-thumb-type-thumb czr-img wp-post-image h-centered opacity-forced\" alt=\"\" decoding=\"async\" fetchpriority=\"high\" data-img-centered=\"2\" style=\"height: 315.188px; width: auto; left: -1.5px; top: 0px;\">      <\/div>\n<div class=\"tc-grid-caption\">\n<div class=\"entry-summary \">\n<div class=\"tc-g-cont czr-talign\">\n<p>Am 09.01. haben wir im Rahmen unseres Angebots \u201eSolidarischer Kampfsport\u201c ein kleines Sparringturnier organisiert. Eingeladen waren befreundete Gruppen, aber auch neue Personen, die den Weg zu uns gefunden haben. Auch wenn unser Angebot erst seit dem \u00f6ffentlichen Start im Oktober 2025 existiert, besteht unsere Trainingsgruppe bereits l\u00e4nger. Dadurch hatten alle [\u2026]<\/p>\n<\/div><\/div>\n<\/p><\/div>\n<\/p><\/div>\n<div class=\"tc-content\">\n<header class=\"entry-header \">\n<div class=\"entry-header-inner \">\n<h2 class=\"entry-title\">\n      <a class=\"czr-title\" href=\"https:\/\/kulturstrudel.de\/?p=138\" rel=\"bookmark\">Solidarischer Kampfsport \u2013 Sparringturnier 09.01.2025<\/a><br \/>\n    <\/h2>\n<\/p><\/div>\n<\/header>\n<footer class=\"entry-footer\"><\/footer>\n<\/p><\/div>\n<\/section>\n<\/article>\n<article id=\"post-122\" class=\"grid-item col-12 col-md-6 col-xl-4 col-lg-4 post-122 post type-post status-publish format-standard has-post-thumbnail category-allgemein czr-hentry\">\n<section class=\"grid__item\">\n<div class=\"tc-grid-figure entry-media__holder has-thumb czr__r-wGR js-centering\" data-img-centered-in-container=\"1\">\n<div class=\"entry-media__wrapper czr__r-i\">\n        <a class=\"bg-link\" href=\"https:\/\/kulturstrudel.de\/?p=122\"><\/a><br \/>\n        <img loading=\"lazy\" width=\"196\" height=\"350\" src=\"https:\/\/kulturstrudel.de\/wp-content\/uploads\/2025\/12\/Screenshot_2025-11-01-16-08-50-023_com.instagram.android.jpg\" class=\"attachment-tc-grid tc-thumb-type-thumb czr-img wp-post-image v-centered opacity-forced\" alt=\"\" decoding=\"async\" srcset=\"https:\/\/kulturstrudel.de\/wp-content\/uploads\/2025\/12\/Screenshot_2025-11-01-16-08-50-023_com.instagram.android.jpg 1073w, https:\/\/kulturstrudel.de\/wp-content\/uploads\/2025\/12\/Screenshot_2025-11-01-16-08-50-023_com.instagram.android-168x300.jpg 168w, https:\/\/kulturstrudel.de\/wp-content\/uploads\/2025\/12\/Screenshot_2025-11-01-16-08-50-023_com.instagram.android-573x1024.jpg 573w, https:\/\/kulturstrudel.de\/wp-content\/uploads\/2025\/12\/Screenshot_2025-11-01-16-08-50-023_com.instagram.android-768x1373.jpg 768w, https:\/\/kulturstrudel.de\/wp-content\/uploads\/2025\/12\/Screenshot_2025-11-01-16-08-50-023_com.instagram.android-859x1536.jpg 859w\" sizes=\"auto, (max-width: 196px) 100vw, 196px\" data-img-centered=\"2\" style=\"width: 510px; height: auto; top: -297.906px; left: 0px;\">      <\/div>\n<div class=\"tc-grid-caption\">\n<div class=\"entry-summary \">\n<div class=\"tc-g-cont czr-talign\">\n<p>Ein Abend voller Musik und Atmosph\u00e4re! Bei der Open Stage steht alles im Zeichen echter Live-Musik und studentischer Kreativit\u00e4t.Dieses Mal mit dabei:&nbsp;@allsystemsareglow&nbsp;aus Dresden: mitrei\u00dfender Indie Rock zwischen Energie und ehrlichen Gitarrenriffs. Nach dem Opener ist die B\u00fchne frei f\u00fcr Euch!<img decoding=\"async\" draggable=\"false\" role=\"img\" class=\"emoji v-centered opacity-forced\" alt=\"\ud83c\udfa4\" src=\"https:\/\/s.w.org\/images\/core\/emoji\/17.0.2\/svg\/1f3a4.svg\" data-img-centered=\"2\" style=\"width: 510px; height: auto; top: -97.406px; left: 0px;\"> Ob Singer-Songwriter, Band, Poetry oder spontane Jam-Session: alles ist erlaubt, [\u2026]<\/p>\n<\/div><\/div>\n<\/p><\/div>\n<\/p><\/div>\n<div class=\"tc-content\">\n<header class=\"entry-header \">\n<div class=\"entry-header-inner \">\n<h2 class=\"entry-title\">\n      <a class=\"czr-title\" href=\"https:\/\/kulturstrudel.de\/?p=122\" rel=\"bookmark\">HEIZKESSEL 10.12.2025<\/a><br \/>\n    <\/h2>\n<\/p><\/div>\n<\/header>\n<footer class=\"entry-footer\"><\/footer>\n<\/p><\/div>\n<\/section>\n<\/article>\n<article id=\"post-120\" class=\"grid-item col-12 col-md-6 col-xl-4 col-lg-4 post-120 post type-post status-publish format-standard has-post-thumbnail category-allgemein czr-hentry\">\n<section class=\"grid__item\">\n<div class=\"tc-grid-figure entry-media__holder has-thumb czr__r-wGR js-centering\" data-img-centered-in-container=\"1\">\n<div class=\"entry-media__wrapper czr__r-i\">\n        <a class=\"bg-link\" href=\"https:\/\/kulturstrudel.de\/?p=120\"><\/a><br \/>\n        <img loading=\"lazy\" width=\"280\" height=\"350\" src=\"https:\/\/kulturstrudel.de\/wp-content\/uploads\/2025\/12\/instasave.website_569629290_18131036149483811_3019865053614781946_n.jpg\" class=\"attachment-tc-grid tc-thumb-type-thumb czr-img wp-post-image v-centered opacity-forced\" alt=\"\" decoding=\"async\" srcset=\"https:\/\/kulturstrudel.de\/wp-content\/uploads\/2025\/12\/instasave.website_569629290_18131036149483811_3019865053614781946_n.jpg 1080w, https:\/\/kulturstrudel.de\/wp-content\/uploads\/2025\/12\/instasave.website_569629290_18131036149483811_3019865053614781946_n-240x300.jpg 240w, https:\/\/kulturstrudel.de\/wp-content\/uploads\/2025\/12\/instasave.website_569629290_18131036149483811_3019865053614781946_n-819x1024.jpg 819w, https:\/\/kulturstrudel.de\/wp-content\/uploads\/2025\/12\/instasave.website_569629290_18131036149483811_3019865053614781946_n-768x960.jpg 768w\" sizes=\"auto, (max-width: 280px) 100vw, 280px\" data-img-centered=\"2\" style=\"width: 510px; height: auto; top: -161.406px; left: 0px;\">      <\/div>\n<div class=\"tc-grid-caption\">\n<div class=\"entry-summary \">\n<div class=\"tc-g-cont czr-talign\">\n<p>Ein Abend voller Musik und Atmosph\u00e4re! Bei der Open Stage steht alles im Zeichen echter Live-Musik und studentischer Kreativit\u00e4t.Dieses Mal mit dabei:&nbsp;@allsystemsareglow&nbsp;aus Dresden: mitrei\u00dfender Indie Rock zwischen Energie und ehrlichen Gitarrenriffs. Nach dem Opener ist die B\u00fchne frei f\u00fcr Euch!<img decoding=\"async\" draggable=\"false\" role=\"img\" class=\"emoji v-centered opacity-forced\" alt=\"\ud83c\udfa4\" src=\"https:\/\/s.w.org\/images\/core\/emoji\/17.0.2\/svg\/1f3a4.svg\" data-img-centered=\"2\" style=\"width: 510px; height: auto; top: -97.406px; left: 0px;\"> Ob Singer-Songwriter, Band, Poetry oder spontane Jam-Session: alles ist erlaubt, [\u2026]<\/p>\n<\/div><\/div>\n<\/p><\/div>\n<\/p><\/div>\n<div class=\"tc-content\">\n<header class=\"entry-header \">\n<div class=\"entry-header-inner \">\n<h2 class=\"entry-title\">\n      <a class=\"czr-title\" href=\"https:\/\/kulturstrudel.de\/?p=120\" rel=\"bookmark\">Open Stage 18.11.2025<\/a><br \/>\n    <\/h2>\n<\/p><\/div>\n<\/header>\n<footer class=\"entry-footer\"><\/footer>\n<\/p><\/div>\n<\/section>\n<\/article>\n<article id=\"post-118\" class=\"grid-item col-12 col-md-6 col-xl-4 col-lg-4 post-118 post type-post status-publish format-standard has-post-thumbnail category-allgemein czr-hentry\">\n<section class=\"grid__item\">\n<div class=\"tc-grid-figure entry-media__holder has-thumb czr__r-wGR js-centering\" data-img-centered-in-container=\"1\">\n<div class=\"entry-media__wrapper czr__r-i\">\n        <a class=\"bg-link\" href=\"https:\/\/kulturstrudel.de\/?p=118\"><\/a><br \/>\n        <img width=\"280\" height=\"350\" src=\"https:\/\/kulturstrudel.de\/wp-content\/uploads\/2025\/12\/559868779_17982911192874764_293897542527206992_n.jpg\" class=\"attachment-tc-grid tc-thumb-type-thumb czr-img wp-post-image v-centered opacity-forced\" alt=\"\" decoding=\"async\" loading=\"lazy\" srcset=\"https:\/\/kulturstrudel.de\/wp-content\/uploads\/2025\/12\/559868779_17982911192874764_293897542527206992_n.jpg 1080w, https:\/\/kulturstrudel.de\/wp-content\/uploads\/2025\/12\/559868779_17982911192874764_293897542527206992_n-240x300.jpg 240w, https:\/\/kulturstrudel.de\/wp-content\/uploads\/2025\/12\/559868779_17982911192874764_293897542527206992_n-819x1024.jpg 819w, https:\/\/kulturstrudel.de\/wp-content\/uploads\/2025\/12\/559868779_17982911192874764_293897542527206992_n-768x960.jpg 768w\" sizes=\"auto, (max-width: 280px) 100vw, 280px\" data-img-centered=\"2\" style=\"width: 510px; height: auto; top: -161.406px; left: 0px;\">      <\/div>\n<div class=\"tc-grid-caption\">\n<div class=\"entry-summary \">\n<div class=\"tc-g-cont czr-talign\">\n<p>\u201eDer Westen hat keine Ahnung, was im Osten passiert\u201c Am 30.10.2025 laden&nbsp;@studisgegenrechts_freiberg&nbsp;und&nbsp;@kulturstrudel_freiberg&nbsp;zur Buchvorstellung ein.Jakob Springfeld spricht in seinem Buch \u00fcber die Lebensrealit\u00e4t junger Menschen in Ostdeutschland und was der Westen dabei oft \u00fcbersieht. <img decoding=\"async\" draggable=\"false\" role=\"img\" class=\"emoji v-centered opacity-forced\" alt=\"\ud83c\udfa4\" src=\"https:\/\/s.w.org\/images\/core\/emoji\/17.0.2\/svg\/1f3a4.svg\" data-img-centered=\"2\" style=\"width: 510px; height: auto; top: -97.406px; left: 0px;\"> Im Anschluss wird es eine Frage- und Diskussionsrunde geben. Der Eintritt ist frei, Spenden sind aber [\u2026]<\/p>\n<\/div><\/div>\n<\/p><\/div>\n<\/p><\/div>\n<div class=\"tc-content\">\n<header class=\"entry-header \">\n<div class=\"entry-header-inner \">\n<h2 class=\"entry-title\">\n      <a class=\"czr-title\" href=\"https:\/\/kulturstrudel.de\/?p=118\" rel=\"bookmark\">Lesung mit Jakob Springfeld 30.10.2025<\/a><br \/>\n    <\/h2>\n<\/p><\/div>\n<\/header>\n<footer class=\"entry-footer\"><\/footer>\n<\/p><\/div>\n<\/section>\n<\/article>\n<article id=\"post-116\" class=\"grid-item col-12 col-md-6 col-xl-4 col-lg-4 post-116 post type-post status-publish format-standard has-post-thumbnail category-allgemein czr-hentry\">\n<section class=\"grid__item\">\n<div class=\"tc-grid-figure entry-media__holder has-thumb czr__r-wGR js-centering\" data-img-centered-in-container=\"1\">\n<div class=\"entry-media__wrapper czr__r-i\">\n        <a class=\"bg-link\" href=\"https:\/\/kulturstrudel.de\/?p=116\"><\/a><br \/>\n        <img width=\"350\" height=\"350\" src=\"https:\/\/kulturstrudel.de\/wp-content\/uploads\/2025\/12\/541854715_17979892160874764_184111781904631152_n.webp\" class=\"attachment-tc-grid tc-thumb-type-thumb czr-img wp-post-image v-centered opacity-forced\" alt=\"\" decoding=\"async\" loading=\"lazy\" srcset=\"https:\/\/kulturstrudel.de\/wp-content\/uploads\/2025\/12\/541854715_17979892160874764_184111781904631152_n.webp 1080w, https:\/\/kulturstrudel.de\/wp-content\/uploads\/2025\/12\/541854715_17979892160874764_184111781904631152_n-300x300.webp 300w, https:\/\/kulturstrudel.de\/wp-content\/uploads\/2025\/12\/541854715_17979892160874764_184111781904631152_n-1024x1024.webp 1024w, https:\/\/kulturstrudel.de\/wp-content\/uploads\/2025\/12\/541854715_17979892160874764_184111781904631152_n-150x150.webp 150w, https:\/\/kulturstrudel.de\/wp-content\/uploads\/2025\/12\/541854715_17979892160874764_184111781904631152_n-768x768.webp 768w\" sizes=\"auto, (max-width: 350px) 100vw, 350px\" data-img-centered=\"2\" style=\"width: 510px; height: auto; top: -97.406px; left: 0px;\">      <\/div>\n<div class=\"tc-grid-caption\">\n<div class=\"entry-summary \">\n<div class=\"tc-g-cont czr-talign\">\n<p><img decoding=\"async\" draggable=\"false\" role=\"img\" class=\"emoji v-centered opacity-forced\" alt=\"\u26bd\" src=\"https:\/\/s.w.org\/images\/core\/emoji\/17.0.2\/svg\/26bd.svg\" data-img-centered=\"2\" style=\"width: 510px; height: auto; top: -97.406px; left: 0px;\">Alle Freund:innen des runden Kunstleders aufgepasst! <img decoding=\"async\" draggable=\"false\" role=\"img\" class=\"emoji v-centered opacity-forced\" alt=\"\u26bd\" src=\"https:\/\/s.w.org\/images\/core\/emoji\/17.0.2\/svg\/26bd.svg\" data-img-centered=\"2\" style=\"width: 510px; height: auto; top: -97.406px; left: 0px;\"> Am 04.10.2025 veranstalten wir, der Kulturstrudel Freiberg e.V. unser erstes Fu\u00dfballturnier \u201eFlach spielen, Hoch gewinnen \u2013 Fu\u00dfballturnier f\u00fcr alle Spieler:innen\u201c<img decoding=\"async\" draggable=\"false\" role=\"img\" class=\"emoji v-centered opacity-forced\" alt=\"\ud83e\udd45\" src=\"https:\/\/s.w.org\/images\/core\/emoji\/17.0.2\/svg\/1f945.svg\" data-img-centered=\"2\" style=\"width: 510px; height: auto; top: -97.406px; left: 0px;\"> Der Name ist Programm! Also schnappt euch eure Freund:innen, bildet ein Team und meldet euch bei uns an. Unabh\u00e4ngig von Alter, Geschlechtsidentifikation oder [\u2026]<\/p>\n<\/div><\/div>\n<\/p><\/div>\n<\/p><\/div>\n<div class=\"tc-content\">\n<header class=\"entry-header \">\n<div class=\"entry-header-inner \">\n<h2 class=\"entry-title\">\n      <a class=\"czr-title\" href=\"https:\/\/kulturstrudel.de\/?p=116\" rel=\"bookmark\">Fu\u00dfballturnier 04.10.2025<\/a><br \/>\n    <\/h2>\n<\/p><\/div>\n<\/header>\n<footer class=\"entry-footer\"><\/footer>\n<\/p><\/div>\n<\/section>\n<\/article>\n<article id=\"post-109\" class=\"grid-item col-12 col-md-6 col-xl-4 col-lg-4 post-109 post type-post status-publish format-standard has-post-thumbnail category-allgemein czr-hentry\">\n<section class=\"grid__item\">\n<div class=\"tc-grid-figure entry-media__holder has-thumb czr__r-wGR js-centering\" data-img-centered-in-container=\"1\">\n<div class=\"entry-media__wrapper czr__r-i\">\n        <a class=\"bg-link\" href=\"https:\/\/kulturstrudel.de\/?p=109\"><\/a><br \/>\n        <img width=\"263\" height=\"350\" src=\"https:\/\/kulturstrudel.de\/wp-content\/uploads\/2025\/12\/520534658_17974654922874764_8598090151656086368_n.webp\" class=\"attachment-tc-grid tc-thumb-type-thumb czr-img wp-post-image v-centered opacity-forced\" alt=\"\" decoding=\"async\" loading=\"lazy\" srcset=\"https:\/\/kulturstrudel.de\/wp-content\/uploads\/2025\/12\/520534658_17974654922874764_8598090151656086368_n.webp 1080w, https:\/\/kulturstrudel.de\/wp-content\/uploads\/2025\/12\/520534658_17974654922874764_8598090151656086368_n-225x300.webp 225w, https:\/\/kulturstrudel.de\/wp-content\/uploads\/2025\/12\/520534658_17974654922874764_8598090151656086368_n-768x1024.webp 768w\" sizes=\"auto, (max-width: 263px) 100vw, 263px\" data-img-centered=\"2\" style=\"width: 510px; height: auto; top: -181.906px; left: 0px;\">      <\/div>\n<div class=\"tc-grid-caption\">\n<div class=\"entry-summary \">\n<div class=\"tc-g-cont czr-talign\">\n<p>(Sub)Kultur sichtbar machen \u2013 K\u00fcrzungen gehen uns alle an!Unter diesen Motto geht es am 15.08. von 15 \u2013 22 Uhr rund, am Sonnensegel hinter der neuen Mensa! Wir der Kulturstrudel Freiberg e.V. laden zusammen mit dem Fachschaftsrat Geowissenschaften, Geotechnik und Bergbau der TU Freiberg zum DayRave.Mit lauten B\u00e4ssen wollen wir, [\u2026]<\/p>\n<\/div><\/div>\n<\/p><\/div>\n<\/p><\/div>\n<div class=\"tc-content\">\n<header class=\"entry-header \">\n<div class=\"entry-header-inner \">\n<h2 class=\"entry-title\">\n      <a class=\"czr-title\" href=\"https:\/\/kulturstrudel.de\/?p=109\" rel=\"bookmark\">Dayrave 15.08.2025<\/a><br \/>\n    <\/h2>\n<\/p><\/div>\n<\/header>\n<footer class=\"entry-footer\"><\/footer>\n<\/p><\/div>\n<\/section>\n<\/article>\n<article id=\"post-107\" class=\"grid-item col-12 col-md-6 col-xl-4 col-lg-4 post-107 post type-post status-publish format-standard has-post-thumbnail category-allgemein czr-hentry\">\n<section class=\"grid__item\">\n<div class=\"tc-grid-figure entry-media__holder has-thumb czr__r-wGR js-centering\" data-img-centered-in-container=\"1\">\n<div class=\"entry-media__wrapper czr__r-i\">\n        <a class=\"bg-link\" href=\"https:\/\/kulturstrudel.de\/?p=107\"><\/a><br \/>\n        <img width=\"280\" height=\"350\" src=\"https:\/\/kulturstrudel.de\/wp-content\/uploads\/2025\/12\/Hanau.jpg\" class=\"attachment-tc-grid tc-thumb-type-thumb czr-img wp-post-image v-centered opacity-forced\" alt=\"\" decoding=\"async\" loading=\"lazy\" srcset=\"https:\/\/kulturstrudel.de\/wp-content\/uploads\/2025\/12\/Hanau.jpg 1080w, https:\/\/kulturstrudel.de\/wp-content\/uploads\/2025\/12\/Hanau-240x300.jpg 240w, https:\/\/kulturstrudel.de\/wp-content\/uploads\/2025\/12\/Hanau-819x1024.jpg 819w, https:\/\/kulturstrudel.de\/wp-content\/uploads\/2025\/12\/Hanau-768x960.jpg 768w\" sizes=\"auto, (max-width: 280px) 100vw, 280px\" data-img-centered=\"2\" style=\"width: 510px; height: auto; top: -161.406px; left: 0px;\">      <\/div>\n<div class=\"tc-grid-caption\">\n<div class=\"entry-summary \">\n<div class=\"tc-g-cont czr-talign\">\n<p>Am 16.5. durften wir die Bildungsinitiative Ferhat Unvar in Freiberg begr\u00fc\u00dfen.Ein Vertreter der Initiative schilderte die Geschehnisse rund um den rassistischen Anschlag in Hanau vom 19. Februar 2020, bei dem neuen Menschen get\u00f6tet worden.Im Vortrag wurde der Tatverlauf aus Betroffenenperspektive geschildert, dabei wurde auf das Leben und Wirken der get\u00f6teten [\u2026]<\/p>\n<\/div><\/div>\n<\/p><\/div>\n<\/p><\/div>\n<div class=\"tc-content\">\n<header class=\"entry-header \">\n<div class=\"entry-header-inner \">\n<h2 class=\"entry-title\">\n      <a class=\"czr-title\" href=\"https:\/\/kulturstrudel.de\/?p=107\" rel=\"bookmark\">Vortrag Hanau 16.05.2025<\/a><br \/>\n    <\/h2>\n<\/p><\/div>\n<\/header>\n<footer class=\"entry-footer\"><\/footer>\n<\/p><\/div>\n<\/section>\n<\/article>\n<article id=\"post-99\" class=\"grid-item col-12 col-md-6 col-xl-4 col-lg-4 post-99 post type-post status-publish format-standard has-post-thumbnail category-allgemein czr-hentry\">\n<section class=\"grid__item\">\n<div class=\"tc-grid-figure entry-media__holder has-thumb czr__r-wGR js-centering\" data-img-centered-in-container=\"1\">\n<div class=\"entry-media__wrapper czr__r-i\">\n        <a class=\"bg-link\" href=\"https:\/\/kulturstrudel.de\/?p=99\"><\/a><br \/>\n        <img width=\"570\" height=\"350\" src=\"https:\/\/kulturstrudel.de\/wp-content\/uploads\/2025\/12\/SnapInsta.to_482741738_17870868561316527_577013905427101558_n-570x350.jpg\" class=\"attachment-tc-grid tc-thumb-type-thumb czr-img wp-post-image h-centered opacity-forced\" alt=\"\" decoding=\"async\" loading=\"lazy\" data-img-centered=\"2\" style=\"height: 315.188px; width: auto; left: -1.5px; top: 0px;\">      <\/div>\n<div class=\"tc-grid-caption\">\n<div class=\"entry-summary \">\n<div class=\"tc-g-cont czr-talign\">\n<p>Vorletzten Freitag (28.03.25) haben wir zusammen mit&nbsp;@kohaesion.ost,&nbsp;@mgh.bunteshaus&nbsp;und&nbsp;@traincontrol_freiberg&nbsp;die zweite Koh\u00e4sion-Ost Party veranstaltet. Aus unserer Sicht war diese ein voller Erfolg. So konnten sich unterschiedliche Vereine\/Gruppen und Angebote zeigen, welche in unserer Region oft nicht soviel Beachtung finden. Weiterhin konnten Konzepte pr\u00e4sentiert werden, die leider noch nicht oft in&nbsp;#Freiberg&nbsp;und Umgebung zu finden [\u2026]<\/p>\n<\/div><\/div>\n<\/p><\/div>\n<\/p><\/div>\n<div class=\"tc-content\">\n<header class=\"entry-header \">\n<div class=\"entry-header-inner \">\n<h2 class=\"entry-title\">\n      <a class=\"czr-title\" href=\"https:\/\/kulturstrudel.de\/?p=99\" rel=\"bookmark\">KOH\u00c4SION.OST 28.03.2025<\/a><br \/>\n    <\/h2>\n<\/p><\/div>\n<\/header>\n<footer class=\"entry-footer\"><\/footer>\n<\/p><\/div>\n<\/section>\n<\/article>\n<\/section><\/div>\n<\/div><\/div>\n","protected":false},"excerpt":{"rendered":"<p>Am 09.01. haben wir im Rahmen unseres Angebots \u201eSolidarischer Kampfsport\u201c ein kleines Sparringturnier organisiert. Eingeladen waren befreundete Gruppen, aber auch neue Personen, die den Weg zu uns gefunden haben. Auch wenn unser Angebot erst seit dem \u00f6ffentlichen Start im Oktober 2025 existiert, besteht unsere Trainingsgruppe bereits l\u00e4nger. Dadurch hatten alle [\u2026] Solidarischer Kampfsport \u2013 Sparringturnier [&hellip;]<\/p>\n","protected":false},"author":2,"featured_media":0,"parent":0,"menu_order":0,"comment_status":"closed","ping_status":"closed","template":"","meta":{"footnotes":""},"class_list":["post-31","page","type-page","status-publish","czr-hentry"],"_links":{"self":[{"href":"https:\/\/kulturstrudel.de\/index.php?rest_route=\/wp\/v2\/pages\/31","targetHints":{"allow":["GET"]}}],"collection":[{"href":"https:\/\/kulturstrudel.de\/index.php?rest_route=\/wp\/v2\/pages"}],"about":[{"href":"https:\/\/kulturstrudel.de\/index.php?rest_route=\/wp\/v2\/types\/page"}],"author":[{"embeddable":true,"href":"https:\/\/kulturstrudel.de\/index.php?rest_route=\/wp\/v2\/users\/2"}],"replies":[{"embeddable":true,"href":"https:\/\/kulturstrudel.de\/index.php?rest_route=%2Fwp%2Fv2%2Fcomments&post=31"}],"version-history":[{"count":19,"href":"https:\/\/kulturstrudel.de\/index.php?rest_route=\/wp\/v2\/pages\/31\/revisions"}],"predecessor-version":[{"id":418,"href":"https:\/\/kulturstrudel.de\/index.php?rest_route=\/wp\/v2\/pages\/31\/revisions\/418"}],"wp:attachment":[{"href":"https:\/\/kulturstrudel.de\/index.php?rest_route=%2Fwp%2Fv2%2Fmedia&parent=31"}],"curies":[{"name":"wp","href":"https:\/\/api.w.org\/{rel}","templated":true}]}}