{"id":33,"date":"2025-12-08T16:38:55","date_gmt":"2025-12-08T15:38:55","guid":{"rendered":"https:\/\/kulturstrudel.de\/?page_id=33"},"modified":"2026-01-06T20:58:05","modified_gmt":"2026-01-06T19:58:05","slug":"impressum","status":"publish","type":"page","link":"https:\/\/kulturstrudel.de\/?page_id=33","title":{"rendered":"Impressum"},"content":{"rendered":"\n<p>Kulturstrudel Freiberg e.V.<br>Tschaikowskistra\u00dfe 57A<br>09599 Freiberg<\/p>\n\n\n\n<p>Vereinsregister: VR 5784<br>Registergericht: Amtsgericht Chemnitz<\/p>\n\n\n\n<p>Vertreten durch:<br>Josefine Boden (1. Vorsitzende)<\/p>\n\n\n\n<p>Kontakt<br>E-Mail: kulturstrudel-freiberg@riseup.net<\/p>\n\n\n\n<p><a href=\"https:\/\/kulturstrudel.de\/?page_id=41\">zum Kontaktformular<\/a><\/p>\n\n\n\n<p>Wir sind nicht bereit oder verpflichtet, an Streitbeilegungsverfahren vor einer<br>Verbraucherschlichtungsstelle teilzunehmen.<br>Haftungshinweis: Trotz sorgf\u00e4ltiger inhaltlicher Kontrolle \u00fcbernehmen wir keine Haftung f\u00fcr die Inhalte externer Links.<br>F\u00fcr den Inhalt der verlinkten Seiten sind ausschlie\u00dflich deren Betreiber verantwortlich.<\/p>\n","protected":false},"excerpt":{"rendered":"<p>Kulturstrudel Freiberg e.V.Tschaikowskistra\u00dfe 57A09599 Freiberg Vereinsregister: VR 5784Registergericht: Amtsgericht Chemnitz Vertreten durch:Josefine Boden (1. Vorsitzende) KontaktE-Mail: kulturstrudel-freiberg@riseup.net zum Kontaktformular Wir sind nicht bereit oder verpflichtet, an Streitbeilegungsverfahren vor einerVerbraucherschlichtungsstelle teilzunehmen.Haftungshinweis: Trotz sorgf\u00e4ltiger inhaltlicher Kontrolle \u00fcbernehmen wir keine Haftung f\u00fcr die Inhalte externer Links.F\u00fcr den Inhalt der verlinkten Seiten sind ausschlie\u00dflich deren Betreiber verantwortlich.<\/p>\n","protected":false},"author":2,"featured_media":0,"parent":0,"menu_order":0,"comment_status":"closed","ping_status":"closed","template":"","meta":{"footnotes":""},"class_list":["post-33","page","type-page","status-publish","czr-hentry"],"_links":{"self":[{"href":"https:\/\/kulturstrudel.de\/index.php?rest_route=\/wp\/v2\/pages\/33","targetHints":{"allow":["GET"]}}],"collection":[{"href":"https:\/\/kulturstrudel.de\/index.php?rest_route=\/wp\/v2\/pages"}],"about":[{"href":"https:\/\/kulturstrudel.de\/index.php?rest_route=\/wp\/v2\/types\/page"}],"author":[{"embeddable":true,"href":"https:\/\/kulturstrudel.de\/index.php?rest_route=\/wp\/v2\/users\/2"}],"replies":[{"embeddable":true,"href":"https:\/\/kulturstrudel.de\/index.php?rest_route=%2Fwp%2Fv2%2Fcomments&post=33"}],"version-history":[{"count":8,"href":"https:\/\/kulturstrudel.de\/index.php?rest_route=\/wp\/v2\/pages\/33\/revisions"}],"predecessor-version":[{"id":136,"href":"https:\/\/kulturstrudel.de\/index.php?rest_route=\/wp\/v2\/pages\/33\/revisions\/136"}],"wp:attachment":[{"href":"https:\/\/kulturstrudel.de\/index.php?rest_route=%2Fwp%2Fv2%2Fmedia&parent=33"}],"curies":[{"name":"wp","href":"https:\/\/api.w.org\/{rel}","templated":true}]}}