{"id":37,"date":"2025-12-08T16:41:01","date_gmt":"2025-12-08T15:41:01","guid":{"rendered":"https:\/\/kulturstrudel.de\/?page_id=37"},"modified":"2025-12-19T12:14:08","modified_gmt":"2025-12-19T11:14:08","slug":"mitglied-werden","status":"publish","type":"page","link":"https:\/\/kulturstrudel.de\/?page_id=37","title":{"rendered":"Mitglied werden"},"content":{"rendered":"\n<p><strong>Mitgliedschaft im Kulturstrudel Freiberg e.V. \u2013 Gemeinsam Kultur gestalten!<\/strong><\/p>\n\n\n\n<p>Du m\u00f6chtest Teil einer lebendigen und kreativen Gemeinschaft werden? Dann ist eine Mitgliedschaft im Kulturstrudel Freiberg e.V. genau das Richtige f\u00fcr dich! Egal, ob du aktiv mitarbeitest oder uns als F\u00f6rdermitglied unterst\u00fctzt, bei uns z\u00e4hlt der gemeinsame Einsatz f\u00fcr demokratische Projekte und eine starke, vielf\u00e4ltige Gemeinschaft.<\/p>\n\n\n\n<p><strong>Arten der Mitgliedschaft<\/strong><\/p>\n\n\n\n<p>Im Kulturstrudel Freiberg e.V. unterscheiden wir zwischen zwei Arten von Mitgliedern:<\/p>\n\n\n\n<div class=\"wp-block-group\"><div class=\"wp-block-group__inner-container is-layout-constrained wp-block-group-is-layout-constrained\">\n<div class=\"wp-block-group has-white-color has-text-color has-background has-link-color wp-elements-0ea0d5c212d2a5ca0b834aabafad66c9 is-vertical is-layout-flex wp-container-core-group-is-layout-8cf370e7 wp-block-group-is-layout-flex\" style=\"background-color:#db576f\">\n<h3 class=\"wp-block-heading has-white-color has-text-color has-link-color wp-elements-9353e89dc1c8707bbd2f4fbcbee4b3b2\">  1.\u00a0\u00a0 Aktive Mitglieder<\/h3>\n\n\n\n<ul class=\"wp-block-list\">\n<li>Du bist bereit, dich aktiv an der Arbeit und Organisation des Vereins zu beteiligen.<\/li>\n\n\n\n<li>Aktive Mitglieder arbeiten mit uns zusammen an der Planung und Durchf\u00fchrung von kulturellen Projekten und Veranstaltungen.<\/li>\n<\/ul>\n<\/div>\n<\/div><\/div>\n\n\n\n<div style=\"height:20px\" aria-hidden=\"true\" class=\"wp-block-spacer\"><\/div>\n\n\n\n<div class=\"wp-block-group has-background\" style=\"background-color:#db576f\"><div class=\"wp-block-group__inner-container is-layout-constrained wp-block-group-is-layout-constrained\">\n<div class=\"wp-block-group has-white-color has-text-color has-link-color wp-elements-42902c7e23f58d2add3f212e381ea639 is-vertical is-layout-flex wp-container-core-group-is-layout-8cf370e7 wp-block-group-is-layout-flex\">\n<h3 class=\"wp-block-heading has-white-color has-text-color has-link-color wp-elements-649e3d4d9ac701e05207e196716356ff\">  2.\u00a0\u00a0 F\u00f6rdermitglieder<\/h3>\n\n\n\n<ul class=\"wp-block-list\">\n<li>Du unterst\u00fctzt den Verein finanziell, bist aber nicht verpflichtet, an der Organisation oder den Aktionen des Vereins teilzunehmen.<\/li>\n\n\n\n<li>F\u00f6rdermitglieder tragen zur St\u00e4rkung und Erweiterung unserer kulturellen Projekte bei.<\/li>\n<\/ul>\n<\/div>\n<\/div><\/div>\n\n\n\n<p><strong>Unser Prinzip<\/strong>: Der Status als aktives oder f\u00f6rderndes Mitglied spielt bei uns eine untergeordnete<\/p>\n\n\n\n<p>Rolle f\u00fcr die Zusammenarbeit und die Entscheidungen im Verein. Alle Entscheidungen werden auf Basis von Fairness und gemeinsamer Verantwortung getroffen. Es geht uns darum, das Beste f\u00fcr unsere Projekte und den Verein zu erreichen.<\/p>\n\n\n\n<p><strong>Jetzt Mitglied werden!<\/strong><\/p>\n\n\n\n<p>Im Kulturstrudel Freiberg e.V. bist du ein wichtiger Teil der kulturellen Vielfalt in unserer Stadt. Wir freuen uns darauf, dich in unserem Verein willkommen zu hei\u00dfen.<\/p>\n\n\n\n<p><strong>Melde dich gern bei uns via Mail, \u00fcber das Kontaktformular oder \u00fcber Instagram.<\/strong><\/p>\n","protected":false},"excerpt":{"rendered":"<p>Mitgliedschaft im Kulturstrudel Freiberg e.V. \u2013 Gemeinsam Kultur gestalten! Du m\u00f6chtest Teil einer lebendigen und kreativen Gemeinschaft werden? Dann ist eine Mitgliedschaft im Kulturstrudel Freiberg e.V. genau das Richtige f\u00fcr dich! Egal, ob du aktiv mitarbeitest oder uns als F\u00f6rdermitglied unterst\u00fctzt, bei uns z\u00e4hlt der gemeinsame Einsatz f\u00fcr demokratische Projekte und eine starke, vielf\u00e4ltige Gemeinschaft. [&hellip;]<\/p>\n","protected":false},"author":2,"featured_media":0,"parent":0,"menu_order":0,"comment_status":"closed","ping_status":"closed","template":"","meta":{"footnotes":""},"class_list":["post-37","page","type-page","status-publish","czr-hentry"],"_links":{"self":[{"href":"https:\/\/kulturstrudel.de\/index.php?rest_route=\/wp\/v2\/pages\/37","targetHints":{"allow":["GET"]}}],"collection":[{"href":"https:\/\/kulturstrudel.de\/index.php?rest_route=\/wp\/v2\/pages"}],"about":[{"href":"https:\/\/kulturstrudel.de\/index.php?rest_route=\/wp\/v2\/types\/page"}],"author":[{"embeddable":true,"href":"https:\/\/kulturstrudel.de\/index.php?rest_route=\/wp\/v2\/users\/2"}],"replies":[{"embeddable":true,"href":"https:\/\/kulturstrudel.de\/index.php?rest_route=%2Fwp%2Fv2%2Fcomments&post=37"}],"version-history":[{"count":14,"href":"https:\/\/kulturstrudel.de\/index.php?rest_route=\/wp\/v2\/pages\/37\/revisions"}],"predecessor-version":[{"id":97,"href":"https:\/\/kulturstrudel.de\/index.php?rest_route=\/wp\/v2\/pages\/37\/revisions\/97"}],"wp:attachment":[{"href":"https:\/\/kulturstrudel.de\/index.php?rest_route=%2Fwp%2Fv2%2Fmedia&parent=37"}],"curies":[{"name":"wp","href":"https:\/\/api.w.org\/{rel}","templated":true}]}}