{"id":426,"date":"2026-04-16T13:54:31","date_gmt":"2026-04-16T11:54:31","guid":{"rendered":"https:\/\/kulturstrudel.de\/?page_id=426"},"modified":"2026-04-16T14:05:54","modified_gmt":"2026-04-16T12:05:54","slug":"ladenprojekt","status":"publish","type":"page","link":"https:\/\/kulturstrudel.de\/?page_id=426","title":{"rendered":"Ladenprojekt"},"content":{"rendered":"\n<div class=\"wp-block-media-text is-stacked-on-mobile\" style=\"grid-template-columns:37% auto\"><figure class=\"wp-block-media-text__media\"><img loading=\"lazy\" decoding=\"async\" width=\"1024\" height=\"870\" src=\"http:\/\/kulturstrudel.de\/wp-content\/uploads\/2026\/04\/Slide1-1024x870.png\" alt=\"\" class=\"wp-image-439 size-full\" srcset=\"https:\/\/kulturstrudel.de\/wp-content\/uploads\/2026\/04\/Slide1-1024x870.png 1024w, https:\/\/kulturstrudel.de\/wp-content\/uploads\/2026\/04\/Slide1-300x255.png 300w, https:\/\/kulturstrudel.de\/wp-content\/uploads\/2026\/04\/Slide1-768x653.png 768w, https:\/\/kulturstrudel.de\/wp-content\/uploads\/2026\/04\/Slide1.png 1064w\" sizes=\"auto, (max-width: 1024px) 100vw, 1024px\" \/><\/figure><div class=\"wp-block-media-text__content\">\n<p>Viele Menschen in Freiberg haben Ideen, m\u00f6chten sich engagieren, Veranstaltungen organisieren oder einfach zusammenkommen. Doch oft fehlt ein offener, zug\u00e4nglicher Ort, an dem genau das m\u00f6glich ist.<br>Mit dem Ladenprojekt des Kulturstrudel Freiberg e.V. m\u00f6chten wir deshalb einen neuen Treffpunkt in der Freiberger Innenstadt schaffen: einen offenen Raum f\u00fcr Begegnung, Kultur und politisches Engagement.<br>Hier sollen Menschen zusammenkommen, sich austauschen und gemeinsam aktiv werden. Der Raum wird offen sein f\u00fcr Workshops, Lesungen, Filmabende, Diskussionsveranstaltungen oder Treffen von Initiativen und engagierten Gruppen.<\/p>\n<\/div><\/div>\n\n\n\n<p><strong>Drei zentrale Bereiche des Projekts<\/strong><br>Der Laden soll mehrere wichtige Funktionen f\u00fcr die Stadtgesellschaft erf\u00fcllen.<\/p>\n\n\n\n<p><strong>Umsonstladen<\/strong><br>Ein Teil des Raumes wird als Umsonstladen organisiert. Menschen k\u00f6nnen hier gut erhaltene Dinge abgeben oder kostenlos mitnehmen. Das f\u00f6rdert nachhaltigen Konsum, schont Ressourcen und schafft Begegnungen zwischen Menschen mit unterschiedlichen Lebensrealit\u00e4ten.<\/p>\n\n\n\n<p><strong>Raum f\u00fcr politische Bildung<\/strong><br>Wir m\u00f6chten regelm\u00e4\u00dfig Vortr\u00e4ge, Workshops und Informationsveranstaltungen zu gesellschaftlichen Themen anbieten. Ziel ist es, demokratische Werte zu st\u00e4rken, Austausch zu erm\u00f6glichen und politische Bildung niedrigschwellig zug\u00e4nglich zu machen. Zus\u00e4tzlich soll eine Chronik demokratiefeindlicher Bestrebungen in und um Freiberg entstehen.<\/p>\n\n\n\n<p><strong>Treffpunkt f\u00fcr Initiativen und Engagement<\/strong><br>Initiativen, Gruppen und engagierte Einzelpersonen k\u00f6nnen hier Treffen organisieren, Veranstaltungen durchf\u00fchren oder neue Projekte entwickeln. Gerade f\u00fcr junge Menschen und kleinere Gruppen fehlen in Freiberg h\u00e4ufig geeignete R\u00e4ume \u2013 diese L\u00fccke m\u00f6chten wir schlie\u00dfen.<\/p>\n\n\n\n<p><strong>Wof\u00fcr wir eure Unterst\u00fctzung brauchen<\/strong><br>Damit dieser Ort entstehen kann, m\u00fcssen wir den Laden zun\u00e4chst einrichten und ausstatten. Mit den Spenden finanzieren wir unter anderem:<\/p>\n\n\n\n<ul class=\"wp-block-list\">\n<li>M\u00f6bel und Ausstattung f\u00fcr Veranstaltungen<\/li>\n\n\n\n<li>Regale und Infrastruktur f\u00fcr den Umsonstladen<\/li>\n\n\n\n<li>Technik f\u00fcr Workshops, Vortr\u00e4ge und Filmabende<\/li>\n\n\n\n<li>Materialien f\u00fcr Bildungs- und Kulturangebote<\/li>\n<\/ul>\n\n\n\n<p>Jede Spende hilft uns, diesen Raum Schritt f\u00fcr Schritt aufzubauen.<br><br><strong>Gemeinsam einen neuen Ort f\u00fcr Freiberg schaffen<\/strong><\/p>\n\n\n\n<p>Die Er\u00f6ffnung unseres Ladens ist f\u00fcr den Sommer geplant. Ziel ist es aus dem Ehrenamtsbetrieb zwei Minijobstelllen zu schaffen. Mit eurer Unterst\u00fctzung k\u00f6nnen wir diesen Ort realisieren und langfristig f\u00fcr die Freiberger Stadtgesellschaft \u00f6ffnen.<\/p>\n\n\n\n<p><strong>Unterst\u00fctzt unser Projekt und helft uns, einen neuen Raum f\u00fcr Begegnung, Solidarit\u00e4t und Demokratie in Freiberg aufzubauen.<\/strong><\/p>\n\n\n\n<div style=\"height:100px\" aria-hidden=\"true\" class=\"wp-block-spacer\"><\/div>\n\n\n\n<div class=\"wp-block-columns is-layout-flex wp-container-core-columns-is-layout-9d6595d7 wp-block-columns-is-layout-flex\">\n<div class=\"wp-block-column is-layout-flow wp-block-column-is-layout-flow\" style=\"flex-basis:33.33%\">\n<ul class=\"wp-block-social-links is-layout-flex wp-block-social-links-is-layout-flex\"><li class=\"wp-social-link wp-social-link-instagram  wp-block-social-link\"><a href=\"https:\/\/www.instagram.com\/ladenprojekt_kulturstrudel\/\" class=\"wp-block-social-link-anchor\"><svg width=\"24\" height=\"24\" viewBox=\"0 0 24 24\" version=\"1.1\" xmlns=\"http:\/\/www.w3.org\/2000\/svg\" aria-hidden=\"true\" focusable=\"false\"><path d=\"M12,4.622c2.403,0,2.688,0.009,3.637,0.052c0.877,0.04,1.354,0.187,1.671,0.31c0.42,0.163,0.72,0.358,1.035,0.673 c0.315,0.315,0.51,0.615,0.673,1.035c0.123,0.317,0.27,0.794,0.31,1.671c0.043,0.949,0.052,1.234,0.052,3.637 s-0.009,2.688-0.052,3.637c-0.04,0.877-0.187,1.354-0.31,1.671c-0.163,0.42-0.358,0.72-0.673,1.035 c-0.315,0.315-0.615,0.51-1.035,0.673c-0.317,0.123-0.794,0.27-1.671,0.31c-0.949,0.043-1.233,0.052-3.637,0.052 s-2.688-0.009-3.637-0.052c-0.877-0.04-1.354-0.187-1.671-0.31c-0.42-0.163-0.72-0.358-1.035-0.673 c-0.315-0.315-0.51-0.615-0.673-1.035c-0.123-0.317-0.27-0.794-0.31-1.671C4.631,14.688,4.622,14.403,4.622,12 s0.009-2.688,0.052-3.637c0.04-0.877,0.187-1.354,0.31-1.671c0.163-0.42,0.358-0.72,0.673-1.035 c0.315-0.315,0.615-0.51,1.035-0.673c0.317-0.123,0.794-0.27,1.671-0.31C9.312,4.631,9.597,4.622,12,4.622 M12,3 C9.556,3,9.249,3.01,8.289,3.054C7.331,3.098,6.677,3.25,6.105,3.472C5.513,3.702,5.011,4.01,4.511,4.511 c-0.5,0.5-0.808,1.002-1.038,1.594C3.25,6.677,3.098,7.331,3.054,8.289C3.01,9.249,3,9.556,3,12c0,2.444,0.01,2.751,0.054,3.711 c0.044,0.958,0.196,1.612,0.418,2.185c0.23,0.592,0.538,1.094,1.038,1.594c0.5,0.5,1.002,0.808,1.594,1.038 c0.572,0.222,1.227,0.375,2.185,0.418C9.249,20.99,9.556,21,12,21s2.751-0.01,3.711-0.054c0.958-0.044,1.612-0.196,2.185-0.418 c0.592-0.23,1.094-0.538,1.594-1.038c0.5-0.5,0.808-1.002,1.038-1.594c0.222-0.572,0.375-1.227,0.418-2.185 C20.99,14.751,21,14.444,21,12s-0.01-2.751-0.054-3.711c-0.044-0.958-0.196-1.612-0.418-2.185c-0.23-0.592-0.538-1.094-1.038-1.594 c-0.5-0.5-1.002-0.808-1.594-1.038c-0.572-0.222-1.227-0.375-2.185-0.418C14.751,3.01,14.444,3,12,3L12,3z M12,7.378 c-2.552,0-4.622,2.069-4.622,4.622S9.448,16.622,12,16.622s4.622-2.069,4.622-4.622S14.552,7.378,12,7.378z M12,15 c-1.657,0-3-1.343-3-3s1.343-3,3-3s3,1.343,3,3S13.657,15,12,15z M16.804,6.116c-0.596,0-1.08,0.484-1.08,1.08 s0.484,1.08,1.08,1.08c0.596,0,1.08-0.484,1.08-1.08S17.401,6.116,16.804,6.116z\"><\/path><\/svg><span class=\"wp-block-social-link-label screen-reader-text\">Instagram<\/span><\/a><\/li><\/ul>\n<\/div>\n\n\n\n<div class=\"wp-block-column is-layout-flow wp-block-column-is-layout-flow\" style=\"flex-basis:66.66%\">\n<div class=\"wp-block-buttons is-layout-flex wp-block-buttons-is-layout-flex\">\n<div class=\"wp-block-button\"><a class=\"wp-block-button__link wp-element-button\" href=\"https:\/\/www.betterplace.org\/de\/projects\/172861?utm_campaign=user_share&amp;utm_medium=ppp_sticky&amp;utm_source=Link&amp;utm_content=bp\">Jetzt spenden!<\/a><\/div>\n<\/div>\n<\/div>\n<\/div>\n\n\n\n<div class=\"wp-block-buttons is-content-justification-center is-layout-flex wp-container-core-buttons-is-layout-16018d1d wp-block-buttons-is-layout-flex\"><\/div>\n","protected":false},"excerpt":{"rendered":"<p>Viele Menschen in Freiberg haben Ideen, m\u00f6chten sich engagieren, Veranstaltungen organisieren oder einfach zusammenkommen. Doch oft fehlt ein offener, zug\u00e4nglicher Ort, an dem genau das m\u00f6glich ist.Mit dem Ladenprojekt des Kulturstrudel Freiberg e.V. m\u00f6chten wir deshalb einen neuen Treffpunkt in der Freiberger Innenstadt schaffen: einen offenen Raum f\u00fcr Begegnung, Kultur und politisches Engagement.Hier sollen Menschen [&hellip;]<\/p>\n","protected":false},"author":2,"featured_media":0,"parent":0,"menu_order":0,"comment_status":"closed","ping_status":"closed","template":"","meta":{"footnotes":""},"class_list":["post-426","page","type-page","status-publish","czr-hentry"],"_links":{"self":[{"href":"https:\/\/kulturstrudel.de\/index.php?rest_route=\/wp\/v2\/pages\/426","targetHints":{"allow":["GET"]}}],"collection":[{"href":"https:\/\/kulturstrudel.de\/index.php?rest_route=\/wp\/v2\/pages"}],"about":[{"href":"https:\/\/kulturstrudel.de\/index.php?rest_route=\/wp\/v2\/types\/page"}],"author":[{"embeddable":true,"href":"https:\/\/kulturstrudel.de\/index.php?rest_route=\/wp\/v2\/users\/2"}],"replies":[{"embeddable":true,"href":"https:\/\/kulturstrudel.de\/index.php?rest_route=%2Fwp%2Fv2%2Fcomments&post=426"}],"version-history":[{"count":13,"href":"https:\/\/kulturstrudel.de\/index.php?rest_route=\/wp\/v2\/pages\/426\/revisions"}],"predecessor-version":[{"id":442,"href":"https:\/\/kulturstrudel.de\/index.php?rest_route=\/wp\/v2\/pages\/426\/revisions\/442"}],"wp:attachment":[{"href":"https:\/\/kulturstrudel.de\/index.php?rest_route=%2Fwp%2Fv2%2Fmedia&parent=426"}],"curies":[{"name":"wp","href":"https:\/\/api.w.org\/{rel}","templated":true}]}}