{"id":43,"date":"2025-12-08T16:41:01","date_gmt":"2025-12-08T15:41:01","guid":{"rendered":"https:\/\/kulturstrudel.de\/?page_id=43"},"modified":"2026-01-27T11:01:06","modified_gmt":"2026-01-27T10:01:06","slug":"solidarischer-kampfsport","status":"publish","type":"page","link":"https:\/\/kulturstrudel.de\/?page_id=43","title":{"rendered":"<b class=\"hide\">Solidarischer Kampfsport<\/b>"},"content":{"rendered":"\n<figure class=\"wp-block-image size-large\"><img loading=\"lazy\" decoding=\"async\" width=\"1024\" height=\"379\" src=\"http:\/\/kulturstrudel.de\/wp-content\/uploads\/2025\/12\/2head-1024x379.png\" alt=\"\" class=\"wp-image-20\" srcset=\"https:\/\/kulturstrudel.de\/wp-content\/uploads\/2025\/12\/2head-1024x379.png 1024w, https:\/\/kulturstrudel.de\/wp-content\/uploads\/2025\/12\/2head-300x111.png 300w, https:\/\/kulturstrudel.de\/wp-content\/uploads\/2025\/12\/2head-768x284.png 768w, https:\/\/kulturstrudel.de\/wp-content\/uploads\/2025\/12\/2head-1536x568.png 1536w, https:\/\/kulturstrudel.de\/wp-content\/uploads\/2025\/12\/2head-2048x757.png 2048w\" sizes=\"auto, (max-width: 1024px) 100vw, 1024px\" \/><\/figure>\n\n\n\n<p><\/p>\n\n<div class=\"tile-grid\">\n  <div class=\"tile\">\n    <div class=\"tile-inner\">\n      <div class=\"tile-front\">\n        <h2>KAMPFSPORT IST KEIN NEUTRALER RAUM<\/h2>\n      <\/div>\n      <div class=\"tile-back\">\n        <img decoding=\"async\" src=\"http:\/\/kulturstrudel.de\/wp-content\/uploads\/2026\/01\/1.png\"><\/img>\n      <\/div>\n    <\/div>\n  <\/div>\n\n  <div class=\"tile\">\n    <div class=\"tile-inner\">\n      <div class=\"tile-front\">\n        <h2>WIR SETZEN AUF SOLIDARIT\u00c4T STATT AUSGRENZUNG<\/h2>\n      <\/div>\n      <div class=\"tile-back\">\n        <img decoding=\"async\" src=\"http:\/\/kulturstrudel.de\/wp-content\/uploads\/2026\/01\/3.png\"><\/img>\n      <\/div>\n    <\/div>\n  <\/div>\n\n  <div class=\"tile\">\n    <div class=\"tile-inner\">\n      <div class=\"tile-front\">\n        <h2>SPORTR\u00c4UME SIND GESELLSCHAFTLICHE R\u00c4UME<\/h2>\n      <\/div>\n      <div class=\"tile-back\">\n        <img decoding=\"async\" src=\"http:\/\/kulturstrudel.de\/wp-content\/uploads\/2026\/01\/4.png\"><\/img>\n      <\/div>\n    <\/div>\n  <\/div>\n\n  <div class=\"tile\">\n    <div class=\"tile-inner\">\n      <div class=\"tile-front\">\n        <h2>PR\u00c4VENTION BEGINNT IM GYM<\/h2>\n      <\/div>\n      <div class=\"tile-back\">\n        <img decoding=\"async\" src=\"http:\/\/kulturstrudel.de\/wp-content\/uploads\/2026\/01\/2.png\"><\/img>\n      <\/div>\n    <\/div>\n  <\/div>\n\n  <div class=\"tile\">\n    <div class=\"tile-inner\">\n      <div class=\"tile-front\">\n        <h2>STRUKTUR UND HALTUNG ENTSCHEIDEN<\/h2>\n      <\/div>\n      <div class=\"tile-back\">\n        <img decoding=\"async\" src=\"http:\/\/kulturstrudel.de\/wp-content\/uploads\/2026\/01\/5.png\"><\/img>\n      <\/div>\n    <\/div>\n  <\/div>\n\n    <div class=\"tile\">\n    <div class=\"tile-inner\">\n      <div class=\"tile-front\">\n        <img decoding=\"async\" src=\"http:\/\/kulturstrudel.de\/wp-content\/uploads\/2026\/01\/signal-2025-08-21-10-12-01-645.jpg\"><\/img>\n      <\/div>\n      <div class=\"tile-back\">\n        <img decoding=\"async\" src=\"http:\/\/kulturstrudel.de\/wp-content\/uploads\/2026\/01\/signal-2025-08-21-10-12-01-645-1-1.jpg\"><\/img>\n      <\/div>\n    <\/div>\n  <\/div>\n<\/div>\n\n<script>\n  document.querySelectorAll('.tile').forEach(tile => {\n    tile.addEventListener('click', () => {\n      tile.classList.toggle('active');\n    });\n  });\n<\/script>\n\n\n\n<div class=\"wp-block-image\">\n<figure class=\"aligncenter size-large is-resized\"><img loading=\"lazy\" decoding=\"async\" width=\"1024\" height=\"1024\" src=\"http:\/\/kulturstrudel.de\/wp-content\/uploads\/2026\/01\/signal-2025-08-21-10-12-01-645-2-1024x1024.jpg\" alt=\"\" class=\"wp-image-353\" style=\"width:416px;height:auto\" srcset=\"https:\/\/kulturstrudel.de\/wp-content\/uploads\/2026\/01\/signal-2025-08-21-10-12-01-645-2-1024x1024.jpg 1024w, https:\/\/kulturstrudel.de\/wp-content\/uploads\/2026\/01\/signal-2025-08-21-10-12-01-645-2-300x300.jpg 300w, https:\/\/kulturstrudel.de\/wp-content\/uploads\/2026\/01\/signal-2025-08-21-10-12-01-645-2-150x150.jpg 150w, https:\/\/kulturstrudel.de\/wp-content\/uploads\/2026\/01\/signal-2025-08-21-10-12-01-645-2-768x768.jpg 768w, https:\/\/kulturstrudel.de\/wp-content\/uploads\/2026\/01\/signal-2025-08-21-10-12-01-645-2-1536x1536.jpg 1536w, https:\/\/kulturstrudel.de\/wp-content\/uploads\/2026\/01\/signal-2025-08-21-10-12-01-645-2-510x510.jpg 510w, https:\/\/kulturstrudel.de\/wp-content\/uploads\/2026\/01\/signal-2025-08-21-10-12-01-645-2.jpg 2048w\" sizes=\"auto, (max-width: 1024px) 100vw, 1024px\" \/><\/figure>\n<\/div>\n\n\n<div class=\"wp-block-buttons is-content-justification-center is-layout-flex wp-container-core-buttons-is-layout-16018d1d wp-block-buttons-is-layout-flex\">\n<div class=\"wp-block-button\"><a class=\"wp-block-button__link has-white-color has-text-color has-background has-link-color wp-element-button\" href=\"https:\/\/kulturstrudel.de\/?page_id=41\" style=\"background-color:#db576f\">zum Kontaktformular<\/a><\/div>\n<\/div>\n\n","protected":false},"excerpt":{"rendered":"<p>KAMPFSPORT IST KEIN NEUTRALER RAUM WIR SETZEN AUF SOLIDARIT\u00c4T STATT AUSGRENZUNG SPORTR\u00c4UME SIND GESELLSCHAFTLICHE R\u00c4UME PR\u00c4VENTION BEGINNT IM GYM STRUKTUR UND HALTUNG ENTSCHEIDEN<\/p>\n","protected":false},"author":2,"featured_media":18,"parent":0,"menu_order":0,"comment_status":"closed","ping_status":"closed","template":"","meta":{"footnotes":""},"class_list":["post-43","page","type-page","status-publish","has-post-thumbnail","czr-hentry"],"_links":{"self":[{"href":"https:\/\/kulturstrudel.de\/index.php?rest_route=\/wp\/v2\/pages\/43","targetHints":{"allow":["GET"]}}],"collection":[{"href":"https:\/\/kulturstrudel.de\/index.php?rest_route=\/wp\/v2\/pages"}],"about":[{"href":"https:\/\/kulturstrudel.de\/index.php?rest_route=\/wp\/v2\/types\/page"}],"author":[{"embeddable":true,"href":"https:\/\/kulturstrudel.de\/index.php?rest_route=\/wp\/v2\/users\/2"}],"replies":[{"embeddable":true,"href":"https:\/\/kulturstrudel.de\/index.php?rest_route=%2Fwp%2Fv2%2Fcomments&post=43"}],"version-history":[{"count":76,"href":"https:\/\/kulturstrudel.de\/index.php?rest_route=\/wp\/v2\/pages\/43\/revisions"}],"predecessor-version":[{"id":387,"href":"https:\/\/kulturstrudel.de\/index.php?rest_route=\/wp\/v2\/pages\/43\/revisions\/387"}],"wp:featuredmedia":[{"embeddable":true,"href":"https:\/\/kulturstrudel.de\/index.php?rest_route=\/wp\/v2\/media\/18"}],"wp:attachment":[{"href":"https:\/\/kulturstrudel.de\/index.php?rest_route=%2Fwp%2Fv2%2Fmedia&parent=43"}],"curies":[{"name":"wp","href":"https:\/\/api.w.org\/{rel}","templated":true}]}}